{"id":346,"date":"2020-01-13T17:56:16","date_gmt":"2020-01-13T17:56:16","guid":{"rendered":"http:\/\/helgabollinger.com\/sobre-mi\/"},"modified":"2022-09-05T07:18:31","modified_gmt":"2022-09-05T07:18:31","slug":"sobre-mi","status":"publish","type":"page","link":"https:\/\/helgabollinger.com\/ca\/sobre-mi\/","title":{"rendered":"Sobre m\u00ed"},"content":{"rendered":"<p>[vc_row full_width=&#8221;stretch_row_content_no_spaces&#8221; parallax=&#8221;content-moving&#8221; parallax_image=&#8221;35&#8243; parallax_speed_bg=&#8221;1.3&#8243; css_animation=&#8221;fadeIn&#8221; css=&#8221;.vc_custom_1583603850967{margin-top: -185px !important;margin-bottom: -80px !important;}&#8221; el_id=&#8221;DESKTOP&#8221; el_class=&#8221;.hide-on-mobile&#8221;][vc_column css=&#8221;.vc_custom_1580149538307{padding-top: 30px !important;padding-right: 30px !important;padding-bottom: 30px !important;padding-left: 30px !important;background-color: rgba(255,255,255,0.1) !important;*background-color: rgb(255,255,255) !important;}&#8221;][vc_empty_space][vc_empty_space][vc_empty_space][vc_empty_space][vc_row_inner][vc_column_inner][vc_empty_space][vc_single_image image=&#8221;104&#8243; img_size=&#8221;400&#215;400&#8243; alignment=&#8221;center&#8221; style=&#8221;vc_box_outline_circle_2&#8243; border_color=&#8221;orange&#8221; css_animation=&#8221;top-to-bottom&#8221; title=&#8221;HELGA BOLLINGER FISCHER&#8221;][vc_empty_space][vc_empty_space][\/vc_column_inner][\/vc_row_inner][vc_row_inner][vc_column_inner css=&#8221;.vc_custom_1580149280097{padding: 30px !important;}&#8221;][vc_single_image image=&#8221;447&#8243; img_size=&#8221;400&#215;400&#8243; alignment=&#8221;center&#8221; style=&#8221;vc_box_outline_circle_2&#8243; border_color=&#8221;white&#8221; css_animation=&#8221;left-to-right&#8221; title=&#8221;ZURICH&#8221;][vc_column_text css_animation=&#8221;right-to-left&#8221;]<\/p>\n<p style=\"text-align: center;\">Naixement, infantesa, adolesc\u00e8ncia,<br \/>\nMatura (Batxillerat-Selectivitat) 1973<\/p>\n<p style=\"text-align: center;\">Influ\u00e8ncies: mare &#8211; grafista; pare &#8211; arquitecte i dibuixant de c\u00f2mics<\/p>\n<p>[\/vc_column_text][vc_empty_space][vc_empty_space][\/vc_column_inner][\/vc_row_inner][vc_row_inner][vc_column_inner css=&#8221;.vc_custom_1580149315329{padding: 30px !important;}&#8221;][vc_single_image image=&#8221;441&#8243; img_size=&#8221;400&#215;400&#8243; alignment=&#8221;center&#8221; style=&#8221;vc_box_outline_circle_2&#8243; border_color=&#8221;sandy_brown&#8221; css_animation=&#8221;right-to-left&#8221; title=&#8221;BARCELONA&#8221;][vc_column_text css_animation=&#8221;left-to-right&#8221;]<\/p>\n<p style=\"text-align: center;\">Formaci\u00f3: Art, Disseny Gr\u00e0fic, Ci\u00e8ncies de la Comunicaci\u00f3 1974-1979<br \/>\nCasament + Maternitat: 2 Fills 1980-1985<br \/>\nExercici ple de la professi\u00f3 1981-2012, des de 1992 en posici\u00f3 de manager<br \/>\nA finals 2012 final com emprada<br \/>\nA partir de 2013 reinici en activitats art\u00edstiques<\/p>\n<p style=\"text-align: center;\">Influ\u00e8ncies: pol\u00edtiques, mediterr\u00e0nies: sol, color, soroll.<br \/>\nL&#8217;art surt per tots els porus<\/p>\n<p>[\/vc_column_text][vc_empty_space][vc_empty_space][\/vc_column_inner][\/vc_row_inner][vc_row_inner][vc_column_inner css=&#8221;.vc_custom_1580149351024{padding-top: 30px !important;padding-right: 30px !important;padding-bottom: 30px !important;padding-left: 30px !important;}&#8221;][vc_single_image image=&#8221;242&#8243; img_size=&#8221;400&#215;400&#8243; alignment=&#8221;center&#8221; style=&#8221;vc_box_outline_circle_2&#8243; border_color=&#8221;chino&#8221; css_animation=&#8221;left-to-right&#8221; title=&#8221;EGIPTE&#8221;][vc_column_text css_animation=&#8221;right-to-left&#8221;]<\/p>\n<p style=\"text-align: center;\">A partir del 1988 fins a l&#8217;actualitat estudis permanents d&#8217;Egiptologia.<br \/>\nInnombrables viatges d&#8217;estudis a pa\u00eds<\/p>\n<p style=\"text-align: center;\">Influ\u00e8ncies: est\u00e8tica, saviesa, art mesurat<\/p>\n<p>[\/vc_column_text][\/vc_column_inner][\/vc_row_inner][vc_empty_space][vc_empty_space][\/vc_column][\/vc_row][vc_row full_width=&#8221;stretch_row&#8221; parallax=&#8221;content-moving&#8221; parallax_image=&#8221;35&#8243; parallax_speed_bg=&#8221;1.3&#8243; css_animation=&#8221;fadeIn&#8221; css=&#8221;.vc_custom_1582203816710{margin-top: -80px !important;}&#8221; el_class=&#8221;.hide-on-desktop&#8221;][vc_column css=&#8221;.vc_custom_1580149538307{padding-top: 30px !important;padding-right: 30px !important;padding-bottom: 30px !important;padding-left: 30px !important;background-color: rgba(255,255,255,0.1) !important;*background-color: rgb(255,255,255) !important;}&#8221;][vc_empty_space][vc_row_inner][vc_column_inner][vc_column_text]<\/p>\n<p style=\"text-align: center;\"><span style=\"font-size: 14pt; color: #ffffff;\">HELGA BOLLINGER FISCHER<br \/>\n<\/span><\/p>\n<p>[\/vc_column_text][vc_single_image image=&#8221;104&#8243; img_size=&#8221;400&#215;400&#8243; alignment=&#8221;center&#8221; style=&#8221;vc_box_outline_circle_2&#8243; border_color=&#8221;orange&#8221; css_animation=&#8221;top-to-bottom&#8221;][vc_empty_space][\/vc_column_inner][\/vc_row_inner][vc_row_inner][vc_column_inner css=&#8221;.vc_custom_1580149280097{padding: 30px !important;}&#8221;][vc_column_text]<\/p>\n<p style=\"text-align: center;\"><span style=\"font-size: 14pt; color: #ffffff;\">ZURICH<\/span><\/p>\n<p>[\/vc_column_text][vc_single_image image=&#8221;447&#8243; img_size=&#8221;400&#215;400&#8243; alignment=&#8221;center&#8221; style=&#8221;vc_box_outline_circle_2&#8243; border_color=&#8221;white&#8221; css_animation=&#8221;top-to-bottom&#8221;][vc_column_text]<\/p>\n<p style=\"text-align: center;\">Naixement, infantesa, adolesc\u00e8ncia,<br \/>\nBatxillerat-Selectivitat 1973<\/p>\n<p style=\"text-align: center;\">Influ\u00e8ncies: mare &#8211; grafista; pare &#8211; arquitecte i dibuixant de c\u00f2mics<\/p>\n<p>[\/vc_column_text][vc_empty_space][\/vc_column_inner][\/vc_row_inner][vc_row_inner][vc_column_inner css=&#8221;.vc_custom_1580149315329{padding: 30px !important;}&#8221;][vc_column_text]<\/p>\n<p style=\"text-align: center;\"><span style=\"font-size: 14pt; color: #ffffff;\">BARCELONA<br \/>\n<\/span><\/p>\n<p>[\/vc_column_text][vc_single_image image=&#8221;441&#8243; img_size=&#8221;400&#215;400&#8243; alignment=&#8221;center&#8221; style=&#8221;vc_box_outline_circle_2&#8243; border_color=&#8221;sandy_brown&#8221; css_animation=&#8221;left-to-right&#8221;][vc_column_text]<\/p>\n<p style=\"text-align: center;\">Formaci\u00f3: Art, Disseny Gr\u00e0fic, Ci\u00e8ncies de la Comunicaci\u00f3 1974-1979<br \/>\nCasament + Maternitat: 2 Fills 1980-1985<br \/>\nExercici ple de la professi\u00f3 1981-2012, des de 1992 en posici\u00f3 de manager<br \/>\nA finals 2012 final com emprada<br \/>\nA partir de 2013 reinici en activitats art\u00edstiques<\/p>\n<p style=\"text-align: center;\">Influ\u00e8ncies: pol\u00edtiques, mediterr\u00e0nies: sol, color, soroll.<br \/>\nL&#8217;art surt per tots els porus<\/p>\n<p>[\/vc_column_text][vc_empty_space][\/vc_column_inner][\/vc_row_inner][vc_row_inner][vc_column_inner css=&#8221;.vc_custom_1580149351024{padding-top: 30px !important;padding-right: 30px !important;padding-bottom: 30px !important;padding-left: 30px !important;}&#8221;][vc_column_text]<\/p>\n<p style=\"text-align: center;\"><span style=\"font-size: 14pt; color: #ffffff;\">EGIPTE<\/span><\/p>\n<p>[\/vc_column_text][vc_single_image image=&#8221;242&#8243; img_size=&#8221;400&#215;400&#8243; alignment=&#8221;center&#8221; style=&#8221;vc_box_outline_circle_2&#8243; border_color=&#8221;chino&#8221; css_animation=&#8221;left-to-right&#8221;][vc_column_text]<\/p>\n<p style=\"text-align: center;\">A partir del 1988 fins a l&#8217;actualitat estudis permanents d&#8217;Egiptologia.<br \/>\nInnombrables viatges d&#8217;estudis a pa\u00eds<\/p>\n<p style=\"text-align: center;\">Influ\u00e8ncies: est\u00e8tica, saviesa, art mesurat<\/p>\n<p>[\/vc_column_text][\/vc_column_inner][\/vc_row_inner][vc_empty_space][\/vc_column][\/vc_row]<\/p>\n","protected":false},"excerpt":{"rendered":"<p>[vc_row full_width=&#8221;stretch_row_content_no_spaces&#8221; parallax=&#8221;content-moving&#8221; parallax_image=&#8221;35&#8243; parallax_speed_bg=&#8221;1.3&#8243; css_animation=&#8221;fadeIn&#8221; css=&#8221;.vc_custom_1583603850967{margin-top: -185px !important;margin-bottom: -80px !important;}&#8221; el_id=&#8221;DESKTOP&#8221; el_class=&#8221;.hide-on-mobile&#8221;][vc_column css=&#8221;.vc_custom_1580149538307{padding-top: 30px !important;padding-right: 30px !important;padding-bottom: 30px !important;padding-left: 30px !important;background-color: rgba(255,255,255,0.1) !important;*background-color: rgb(255,255,255) !important;}&#8221;][vc_empty_space][vc_empty_space][vc_empty_space][vc_empty_space][vc_row_inner][vc_column_inner][vc_empty_space][vc_single_image image=&#8221;104&#8243; img_size=&#8221;400&#215;400&#8243; alignment=&#8221;center&#8221; style=&#8221;vc_box_outline_circle_2&#8243; border_color=&#8221;orange&#8221; css_animation=&#8221;top-to-bottom&#8221; title=&#8221;HELGA BOLLINGER FISCHER&#8221;][vc_empty_space][vc_empty_space][\/vc_column_inner][\/vc_row_inner][vc_row_inner][vc_column_inner css=&#8221;.vc_custom_1580149280097{padding: 30px !important;}&#8221;][vc_single_image image=&#8221;447&#8243; img_size=&#8221;400&#215;400&#8243; alignment=&#8221;center&#8221; style=&#8221;vc_box_outline_circle_2&#8243; border_color=&#8221;white&#8221; css_animation=&#8221;left-to-right&#8221; title=&#8221;ZURICH&#8221;][vc_column_text css_animation=&#8221;right-to-left&#8221;] Naixement, infantesa, adolesc\u00e8ncia, Matura (Batxillerat-Selectivitat) 1973 Influ\u00e8ncies: mare &#8211;&hellip;<\/p>\n","protected":false},"author":1,"featured_media":0,"parent":0,"menu_order":0,"comment_status":"closed","ping_status":"closed","template":"","meta":[],"_links":{"self":[{"href":"https:\/\/helgabollinger.com\/ca\/wp-json\/wp\/v2\/pages\/346"}],"collection":[{"href":"https:\/\/helgabollinger.com\/ca\/wp-json\/wp\/v2\/pages"}],"about":[{"href":"https:\/\/helgabollinger.com\/ca\/wp-json\/wp\/v2\/types\/page"}],"author":[{"embeddable":true,"href":"https:\/\/helgabollinger.com\/ca\/wp-json\/wp\/v2\/users\/1"}],"replies":[{"embeddable":true,"href":"https:\/\/helgabollinger.com\/ca\/wp-json\/wp\/v2\/comments?post=346"}],"version-history":[{"count":7,"href":"https:\/\/helgabollinger.com\/ca\/wp-json\/wp\/v2\/pages\/346\/revisions"}],"predecessor-version":[{"id":1281,"href":"https:\/\/helgabollinger.com\/ca\/wp-json\/wp\/v2\/pages\/346\/revisions\/1281"}],"wp:attachment":[{"href":"https:\/\/helgabollinger.com\/ca\/wp-json\/wp\/v2\/media?parent=346"}],"curies":[{"name":"wp","href":"https:\/\/api.w.org\/{rel}","templated":true}]}}